{"id":93,"date":"2025-01-10T16:54:37","date_gmt":"2025-01-10T15:54:37","guid":{"rendered":"https:\/\/umbau2.elipamanoke.de\/?page_id=93"},"modified":"2025-01-10T16:54:37","modified_gmt":"2025-01-10T15:54:37","slug":"community-ticket","status":"publish","type":"page","link":"https:\/\/elipamanoke.de\/en\/community-ticket\/","title":{"rendered":"Community Ticket"},"content":{"rendered":"<div class=\"wp-block-group alignfull is-style-section-1 has-global-padding is-layout-constrained wp-container-core-group-is-layout-cdf985e3 wp-block-group-is-layout-constrained is-style-section-1--1\" style=\"min-height:100vh;margin-top:0;margin-bottom:0;padding-top:var(--wp--preset--spacing--80);padding-right:var(--wp--preset--spacing--80);padding-bottom:var(--wp--preset--spacing--80);padding-left:var(--wp--preset--spacing--80)\">\n<div class=\"wp-block-columns alignwide are-vertically-aligned-center is-layout-flex wp-container-core-columns-is-layout-41859a5a wp-block-columns-is-layout-flex\">\n<div class=\"wp-block-column is-vertically-aligned-center is-layout-flow wp-block-column-is-layout-flow\">\n<figure class=\"wp-block-image aligncenter size-full has-custom-border wp-duotone-111111-ffffff-2 tw-block-animation tw-animation-wipe-left\"><img loading=\"lazy\" decoding=\"async\" width=\"600\" height=\"800\" src=\"https:\/\/umbau2.elipamanoke.de\/wp-content\/uploads\/2025\/01\/community-ticket-webbanner.png\" alt=\"\" class=\"wp-image-100\" style=\"border-top-left-radius:150px;border-bottom-right-radius:150px;object-fit:cover\" srcset=\"https:\/\/elipamanoke.de\/wp-content\/uploads\/2025\/01\/community-ticket-webbanner.png 600w, https:\/\/elipamanoke.de\/wp-content\/uploads\/2025\/01\/community-ticket-webbanner-225x300.png 225w\" sizes=\"auto, (max-width: 600px) 100vw, 600px\" \/><\/figure>\n<\/div>\n\n\n\n<div class=\"wp-block-column is-vertically-aligned-center is-layout-flow wp-block-column-is-layout-flow\">\n<div class=\"wp-block-group is-vertical is-content-justification-stretch is-layout-flex wp-container-core-group-is-layout-353c4f5a wp-block-group-is-layout-flex\">\n<p>In den letzten Jahren sind die Eintrittspreise in der Clubkultur deutlich gestiegen, was allerdings notwendig ist, um die Existenz unseres Clubs zu sichern.<\/p>\n\n\n\n<p>Wir wollen aber f\u00fcr alle zug\u00e4nglich bleiben, unabh\u00e4ngig von der Gr\u00f6\u00dfe des Geldbeutels. <br>Daf\u00fcr erproben wir in den n\u00e4chsten Monaten das Community Ticket.<\/p>\n\n\n\n<p><strong>Was ist das Community Ticket?<br><\/strong>Zu unseren Eigenveranstaltungen gibt es ein Kontingent von 50 Tickets zum reduzierten Eintrittspreis von 10 \u20ac.<\/p>\n\n\n\n<p class=\"has-contrast-color has-text-color has-link-color wp-elements-5b9c23aa4362f2826ea2ea816b28d8cf\"><strong>Wie komme ich an den verg\u00fcnstigten Eintritt?<br><\/strong>Schreib uns eine kurze Email an\u00a0<a href=\"mailto:broke-but-nice@elipamanoke.de\"><em>broke-but-nice @ elipamanoke.de<\/em><\/a>\u00a0mit 2 bis 3 sympathischen S\u00e4tzen \u00fcber Dich. (Du musst auch nicht schreiben weshalb du broke bist, nur wie nice du bist. ) Einsendeschluss ist am Veranstaltungstag um 15 Uhr.<\/p>\n\n\n\n<p><strong>F\u00fcr wen ist das Community Ticket?<\/strong><br>F\u00fcr alle, die sich den Clubbesuch zum regul\u00e4ren Eintritt nicht leisten k\u00f6nnen.<br>Alle anderen m\u00f6chten wir bitten, solidarisch auf eine Anmeldung zu verzichten und den anderen den Vortritt zu lassen.<\/p>\n\n\n\n<p class=\"has-small-font-size\"><strong>Disclaimer:<\/strong> Es besteht kein Anspruch auf das verg\u00fcnstigte Ticket, wir behalten uns \u00c4nderungen vor.<\/p>\n<\/div>\n<\/div>\n<\/div>\n<\/div>","protected":false},"excerpt":{"rendered":"<p>In den letzten Jahren sind die Eintrittspreise in der Clubkultur deutlich gestiegen, was allerdings notwendig ist, um die Existenz unseres Clubs zu sichern. Wir wollen aber f\u00fcr alle zug\u00e4nglich bleiben, unabh\u00e4ngig von der Gr\u00f6\u00dfe des Geldbeutels. Daf\u00fcr erproben wir in den n\u00e4chsten Monaten das Community Ticket. Was ist das Community Ticket?Zu unseren Eigenveranstaltungen gibt es [&hellip;]<\/p>\n","protected":false},"author":1,"featured_media":0,"parent":0,"menu_order":0,"comment_status":"open","ping_status":"closed","template":"","meta":{"footnotes":""},"class_list":["post-93","page","type-page","status-publish","hentry"],"_links":{"self":[{"href":"https:\/\/elipamanoke.de\/en\/wp-json\/wp\/v2\/pages\/93","targetHints":{"allow":["GET"]}}],"collection":[{"href":"https:\/\/elipamanoke.de\/en\/wp-json\/wp\/v2\/pages"}],"about":[{"href":"https:\/\/elipamanoke.de\/en\/wp-json\/wp\/v2\/types\/page"}],"author":[{"embeddable":true,"href":"https:\/\/elipamanoke.de\/en\/wp-json\/wp\/v2\/users\/1"}],"replies":[{"embeddable":true,"href":"https:\/\/elipamanoke.de\/en\/wp-json\/wp\/v2\/comments?post=93"}],"version-history":[{"count":2,"href":"https:\/\/elipamanoke.de\/en\/wp-json\/wp\/v2\/pages\/93\/revisions"}],"predecessor-version":[{"id":101,"href":"https:\/\/elipamanoke.de\/en\/wp-json\/wp\/v2\/pages\/93\/revisions\/101"}],"wp:attachment":[{"href":"https:\/\/elipamanoke.de\/en\/wp-json\/wp\/v2\/media?parent=93"}],"curies":[{"name":"wp","href":"https:\/\/api.w.org\/{rel}","templated":true}]}}